{"id":66,"date":"2025-09-30T19:47:25","date_gmt":"2025-09-30T19:47:25","guid":{"rendered":"https:\/\/as.vanderbilt.edu\/collaborative-humanities-postdoctoral-program\/?page_id=66"},"modified":"2026-02-23T20:14:21","modified_gmt":"2026-02-23T20:14:21","slug":"past-fellows","status":"publish","type":"page","link":"https:\/\/as.vanderbilt.edu\/collaborative-humanities-postdoctoral-program\/past-fellows\/","title":{"rendered":"Past Fellows"},"content":{"rendered":"<h4>Lee Ann Custer<\/h4>\n<p><strong><img loading=\"lazy\" class=\"wp-image-229 alignleft\" src=\"https:\/\/as.vanderbilt.edu\/collaborative-humanities-postdoctoral-program\/wp-content\/uploads\/sites\/70\/2026\/02\/lee-ann-custer-headshot-in-color-2.23.26-2-223x300.jpg\" alt=\"Lee Ann Custer Headshot\" width=\"175\" height=\"236\" srcset=\"https:\/\/as.vanderbilt.edu\/collaborative-humanities-postdoctoral-program\/wp-content\/uploads\/sites\/70\/2026\/02\/lee-ann-custer-headshot-in-color-2.23.26-2-223x300.jpg 223w, https:\/\/as.vanderbilt.edu\/collaborative-humanities-postdoctoral-program\/wp-content\/uploads\/sites\/70\/2026\/02\/lee-ann-custer-headshot-in-color-2.23.26-2.jpg 717w\" sizes=\"(max-width: 175px) 100vw, 175px\" \/>Department of Modern and Contemporary Art, National Gallery of Art<br \/>\n<\/strong><\/p>\n<p><em>Fellow from 2022-2025<\/em><\/p>\n<p style=\"padding-left: 200px\">During my fellowship, I completed my book manuscript, <em>Urban Air Modernism: Beyond the Skyscraper Aesthetic in New York, 1880\u20131940<\/em>. I published related material in two articles on the artist John Sloan and his engagements with race and urban space in New York City in <a href=\"https:\/\/www.journals.uchicago.edu\/doi\/full\/10.1086\/725901\">American Art<\/a> and\u00a0<a href=\"https:\/\/journalpanorama.org\/article\/blackness-the-ashcan-school\/locating-blackness\/\">Panorama: Journal of the Association of Historians of American Art<\/a>. I developed and taught new courses in the Department of History of Art and Architecture, including <em>Art, Race, and Urban Space<\/em> and <em>Art and the Environment in the United States<\/em>. I also spearheaded Vanderbilt\u2019s membership as a consortium campus to the <a href=\"https:\/\/urbhum.net\/\">Urban Humanities Network<\/a> (UHN)\u2014an emerging professional organization that unites universities, practitioners, and researchers dedicated to interdisciplinary study within the urban humanities, and co-led UHN\u2019s second global (Un)Conference hosted by Washington University in St. Louis.<\/p>\n<p>&nbsp;<\/p>\n<h4><a href=\"https:\/\/prod-hos.drupalsites.harvard.edu\/people\/eric-moses-gurevitch\">Eric Moses Gurevitch<\/a><\/h4>\n<p><strong><img loading=\"lazy\" class=\"alignleft wp-image-186 size-full\" src=\"https:\/\/as.vanderbilt.edu\/collaborative-humanities-postdoctoral-program\/wp-content\/uploads\/sites\/70\/2026\/01\/gurevitch-eric.png\" alt=\"Eric Gurevitch headshot\" width=\"175\" height=\"225\" \/>History of Science, Harvard University<br \/>\n<\/strong><\/p>\n<p><em>Fellow from 2022-2025<\/em><\/p>\n<p style=\"padding-left: 200px\">As a Collaborative Humanities Postdoctoral Fellow, Gurevitch worked on transforming his dissertation into a monograph for publication. He actively contributed to programing in the environmental humanities and Science and Technology Studies at the Robert Penn Warren Center for the humanities. And he taught courses in the Asian Studies Department and the History Department.<\/p>\n<p>&nbsp;<\/p>\n<p>&nbsp;<\/p>\n<p style=\"text-align: center\"><a href=\"ericgurevitch@fas.harvard.edu\">Email<\/a><\/p>\n<h4>Anna Hill<\/h4>\n<p><strong><img loading=\"lazy\" class=\"alignleft wp-image-201\" src=\"https:\/\/as.vanderbilt.edu\/collaborative-humanities-postdoctoral-program\/wp-content\/uploads\/sites\/70\/2026\/02\/anna-hill-headshot-2.4.26-e1770220527862-228x300.jpg\" alt=\"Anna Hill Headshot\" width=\"175\" height=\"230\" srcset=\"https:\/\/as.vanderbilt.edu\/collaborative-humanities-postdoctoral-program\/wp-content\/uploads\/sites\/70\/2026\/02\/anna-hill-headshot-2.4.26-e1770220527862-228x300.jpg 228w, https:\/\/as.vanderbilt.edu\/collaborative-humanities-postdoctoral-program\/wp-content\/uploads\/sites\/70\/2026\/02\/anna-hill-headshot-2.4.26-e1770220527862-779x1024.jpg 779w, https:\/\/as.vanderbilt.edu\/collaborative-humanities-postdoctoral-program\/wp-content\/uploads\/sites\/70\/2026\/02\/anna-hill-headshot-2.4.26-e1770220527862-768x1010.jpg 768w, https:\/\/as.vanderbilt.edu\/collaborative-humanities-postdoctoral-program\/wp-content\/uploads\/sites\/70\/2026\/02\/anna-hill-headshot-2.4.26-e1770220527862.jpg 903w\" sizes=\"(max-width: 175px) 100vw, 175px\" \/>English, Clemson University<\/strong><\/p>\n<p><em>Fellow from 2023-2025<\/em><\/p>\n<p style=\"padding-left: 200px\">Prior to her time at Vanderbilt, Anna Hill (she\/her) received a Ph.D. in English from Yale University. Her research and teaching focused on twentieth- and twenty-first-century literature of the United States, with a particular emphasis on environmental criticism, memory studies, postcolonial\/decolonial studies, and affect theory. Her book project explored how late-twentieth-century authors reworked major genres of the American novel and tropes of environmental writing in light of emergent discourses about environmental crisis and global climate change. This project made the case that, as a dynamic vehicle of place-based, more-than-human memory, the realist novel offers a generative resource for environmental imagining and environmental justice in the Anthropocene.<\/p>\n<p>&nbsp;<\/p>\n<h4>Elvira Aball<span class=\"wixui-rich-text__text\"><span class=\"color_30 wixui-rich-text__text\">\u00ed<\/span><\/span> Morell<\/h4>\n<p><strong><img loading=\"lazy\" class=\"alignleft wp-image-196\" src=\"https:\/\/as.vanderbilt.edu\/collaborative-humanities-postdoctoral-program\/wp-content\/uploads\/sites\/70\/2026\/02\/elvira_aballi_morell-headshot-2.4.26-225x300.jpg\" alt=\"Elvira Aballi Morell Headshot\" width=\"175\" height=\"233\" srcset=\"https:\/\/as.vanderbilt.edu\/collaborative-humanities-postdoctoral-program\/wp-content\/uploads\/sites\/70\/2026\/02\/elvira_aballi_morell-headshot-2.4.26-225x300.jpg 225w, https:\/\/as.vanderbilt.edu\/collaborative-humanities-postdoctoral-program\/wp-content\/uploads\/sites\/70\/2026\/02\/elvira_aballi_morell-headshot-2.4.26.jpg 750w\" sizes=\"(max-width: 175px) 100vw, 175px\" \/>Department of Spanish &amp; Portuguese, Princeton University<\/strong><\/p>\n<p><em>Fellow from 2022-2024<\/em><\/p>\n<p style=\"padding-left: 200px\"><span data-ogsc=\"black\" data-olk-copy-source=\"MessageBody\">During my CHPP fellowship, I published the peer-reviewed article \u201c<a href=\"https:\/\/www.jstor.org\/stable\/27266581\">De cimarrones: Raza y disidencia en\u00a0<i data-ogsc=\"\">Autobiograf\u00eda de Juan Francisco Manzano<\/i><\/a>\u201d in\u00a0<i data-ogsc=\"\">Cuban Studies<\/i>\u00a0(2022). I also developed my book manuscript,\u00a0<i data-ogsc=\"\">Who Is Afraid of Sik\u00e1n?<\/i>, which examines Cuban and Latinx cultural production through the lens of the Abaku\u00e1 Society, an all-male Afro-Cuban religious confraternity. Centered on Sik\u00e1n, a foundational figure condemned for revealing sacred knowledge within the Abaku\u00e1 tradition, the project analyzes how women artists reimagine this myth to challenge patriarchy and recover suppressed matrilineal genealogies.<\/span><\/p>\n<p style=\"padding-left: 200px\"><span data-ogsc=\"black\">In parallel with this research, I led community-engaged workshops in collaboration with colleagues from Tennessee State University and local artists. These workshops created spaces for Nashville\u2019s Hispanic and Latinx communities to engage cultural memory through collective readings, creative writing, and art. I also collaborated with Dean Andre Churchwell and the Nashville Public Library on a panel series,\u00a0<i data-ogsc=\"\">Then and Now: The History of Minority Communities in Nashville<\/i>. This commitment to community engagement was recognized with the Postdoctoral Service Award from Vanderbilt\u2019s Office of Postdoctoral Affairs.<\/span><\/p>\n<p style=\"text-align: center\"><a href=\"elvira.mn@outlook.com\">Email<\/a><\/p>\n<h4><a href=\"https:\/\/researchguides.library.vanderbilt.edu\/prf.php?id=ce9fd9b0-cc52-11ef-ad2f-0a92c88187d1\">Lara Lookabaugh<\/a><\/h4>\n<p><strong><img loading=\"lazy\" class=\"alignleft wp-image-202\" src=\"https:\/\/as.vanderbilt.edu\/collaborative-humanities-postdoctoral-program\/wp-content\/uploads\/sites\/70\/2026\/02\/lara-lookabaugh-headshot-2.4.26.jpg\" alt=\"Lara Lookabaugh Headshot\" width=\"175\" height=\"222\" \/>Librarian &amp; Curator for Latin American, Iberian, &amp; Latinx Studies, Vanderbilt University<\/strong><\/p>\n<p><em>Fellow from 2023-2024<\/em><\/p>\n<p style=\"padding-left: 200px\">While a CHPP fellow, I worked on several publications and collaborative endeavors including an accepted article entitled &#8220;Elsewhen Among the Elderberries: Gendered infrastructures of home and migration in a Mam Maya town&#8221; in Environment &amp; Planning D: Society &amp; Space and &#8220;<a href=\"https:\/\/www.sciencedirect.com\/science\/article\/pii\/S0305748825000489\">Mapping Karen Parker\u2019s Journal: Student archival interpretation as feminist geographic worldmaking pedagogy<\/a>&#8221; with Banu G\u00f6kar\u0131ksel and Sarah Carrier in Journal of Historical Geography, 88 (June 2025): 146-156. My editorial collective, Desirable Futures, published two special issues and prepared an edited volume for the University of Georgia Press: <a href=\"https:\/\/tarheels.live\/desirablefutures\/about-time-the-politics-and-poetics-of-desirable-futures\/\">About Time: The Politics and Poetics of Desirable Futures<\/a>.<\/p>\n<p style=\"padding-left: 200px\">Since leaving the CHPP program, I am still working on my research projects. My collaborative book project is now under review with advanced contract with UGA, and I have recently submitted a photo essay for you are here: the journal of creative geography that was coauthored with my research collaborators in Guatemala. As the Librarian and Curator for Latin American, Iberian, and Latinx Studies at Vanderbilt Libraries, I teach classes around information literacy, finding and selecting sources for Latin American Studies, and ethics and politics of archives and citation practices. I also curate the library&#8217;s book and manuscript collections in these areas, collaborating with our vendors from across Latin America, the Caribbean, and the Iberian Peninsula to select materials to support teaching and research interests at Vanderbilt.<\/p>\n<p>&nbsp;<\/p>\n<p style=\"text-align: center\"><a href=\"lara.lookabaugh@vanderbilt.edu\">Email<\/a><\/p>\n<h4>Lidiana de Moraes<\/h4>\n<p><strong><img loading=\"lazy\" class=\"alignleft wp-image-203\" src=\"https:\/\/as.vanderbilt.edu\/collaborative-humanities-postdoctoral-program\/wp-content\/uploads\/sites\/70\/2026\/02\/lidiana-de-moares-headshot-2.4.26-e1770221238437.jpg\" alt=\"Lidiana de Moraes Headshot\" width=\"175\" height=\"224\" \/>University Honors Program, Florida State University<\/strong><\/p>\n<p><em>Fellow from 2022-2025<\/em><\/p>\n<p style=\"padding-left: 200px\">Dr. Moraes holds a Ph.D. in Literary, Cultural, and Linguistic Studies from the University of Miami, which encompasses the interdisciplinary scope of her work. Her academic pursuits extend to examining the development of social movements in the Americas observed through the lens of cultural production. During her time in the program, she offered courses such as \u201cConceptualizing Social Justice,\u201d \u201cMusic is Power!\u201d and \u201cAfro-Diasporic Legacies.\u201d Lidiana\u2019s research contributions can be found in various scholarly publications and languages, including the <a href=\"https:\/\/jls.apsa.us\/index.php\/jls\/article\/view\/214\">Journal of Lusophone Studies<\/a>, <a href=\"https:\/\/revistas.ufrj.br\/index.php\/diadorim\/article\/view\/28414\">Revista Diadorim<\/a>, and the edited volume <a href=\"https:\/\/acontracorriente.chass.ncsu.edu\/index.php\/acontracorriente\/article\/view\/2324\"><em>Narrativas del Miedo: Terror en Obras Literarias, Cinem\u00e1ticas y Televisivas de Latinoam\u00e9rica<\/em><\/a>.<\/p>\n<p>&nbsp;<\/p>\n<h4>Ana Luiza Morais Soares<\/h4>\n<p><strong style=\"font-size: 19.2px\"><img loading=\"lazy\" class=\"alignleft wp-image-195\" src=\"https:\/\/as.vanderbilt.edu\/collaborative-humanities-postdoctoral-program\/wp-content\/uploads\/sites\/70\/2026\/02\/Ana-Luiza-Morais-Soares-headshot-2.4.26-240x300.jpg\" alt=\"Ana Luiza Morais Soares Headshot\" width=\"176\" height=\"220\" srcset=\"https:\/\/as.vanderbilt.edu\/collaborative-humanities-postdoctoral-program\/wp-content\/uploads\/sites\/70\/2026\/02\/Ana-Luiza-Morais-Soares-headshot-2.4.26-240x300.jpg 240w, https:\/\/as.vanderbilt.edu\/collaborative-humanities-postdoctoral-program\/wp-content\/uploads\/sites\/70\/2026\/02\/Ana-Luiza-Morais-Soares-headshot-2.4.26-818x1024.jpg 818w, https:\/\/as.vanderbilt.edu\/collaborative-humanities-postdoctoral-program\/wp-content\/uploads\/sites\/70\/2026\/02\/Ana-Luiza-Morais-Soares-headshot-2.4.26-768x961.jpg 768w, https:\/\/as.vanderbilt.edu\/collaborative-humanities-postdoctoral-program\/wp-content\/uploads\/sites\/70\/2026\/02\/Ana-Luiza-Morais-Soares-headshot-2.4.26.jpg 1109w\" sizes=\"(max-width: 176px) 100vw, 176px\" \/><\/strong><\/p>\n<p><strong>Department of Africana, Afro-Brazilian, and Indigenous Studies, Federal University of Ouro Petro, Brazil<\/strong><\/p>\n<p><em>Fellow from 2022-2025<\/em><\/p>\n<p style=\"padding-left: 200px\">During my CHPP fellowship, I worked on the project Invisible Urbanisms: Indigenous Urban Experiences, which examined the historical and contemporary presence of Indigenous peoples in urban spaces, challenging narratives that render them invisible or \u201cout of place.\u201d Drawing on my training as a historical anthropologist, I\u00a0focused on how processes of Indigenous child separation and labor exploitation in the Brazilian Amazon contributed to long-term forms of ethnic erasure that continue to shape urban Indigenous experiences today. The project also explored how Indigenous communities are using digital and social media platforms to reclaim visibility, assert belonging, and rearticulate Indigenous identities within modern urban and digital landscapes.<\/p>\n<p style=\"padding-left: 200px\">I am currently an Assistant Professor in the <a href=\"https:\/\/deabi.ufop.br\/sobre-n%C3%B3s\">Department of Africana, Afro-Brazilian, and Indigenous Studies<\/a> at the Federal University of Ouro Preto. In this role, I am developing my book project, Kunh\u00e3t\u00e3i Nation: Indigenous Children in the Amazon, advising undergraduate and graduate students, and coordinating research initiatives focused on Indigenous history in Minas Gerais, Brazil, supported by national and international grants.<\/p>\n<p style=\"text-align: center\"><a href=\"https:\/\/www.instagram.com\/lapeciufop?utm_source=ig_web_button_share_sheet&amp;igsh=ZDNlZDc0MzIxNw%3D%3D\">Laborat\u00f3rio de Pesquisa Caminhos Ind\u00edgenas<\/a><\/p>\n<p style=\"text-align: center\"><a href=\"ana.soares@ufop.edu.br\">Email<\/a><\/p>\n<h4><a href=\"https:\/\/art.illinois.edu\/people\/profiles\/james-pilgrim\/\">James Pilgrim<\/a><\/h4>\n<p style=\"padding-left: 200px\"><strong>Art History, University of Illinois<\/strong><\/p>\n<p style=\"padding-left: 200px\"><em>Fellow from 2022-2023<\/em><\/p>\n<p style=\"padding-left: 200px\">I was fortunate to be part of the initial cohort of NEH fellows at Vanderbilt. I divided my time between teaching, organizing programs for the environmental humanities cluster overseen by Prof. Teresa Goddu, and my own research.<br \/>\nMy first book, <a href=\"https:\/\/press.uchicago.edu\/ucp\/books\/book\/chicago\/P\/bo260919870.html\">Pastoral&#8217;s End: Art, Ecology, and Catastrophe in Renaissance Italy<\/a>, which was my main research focus while at Vanderbilt, will be published by the University of Chicago Press in the summer of 2026.<\/p>\n<p>&nbsp;<\/p>\n<p style=\"text-align: center\"><a href=\"jpilgrim@illinois.edu\">Email<\/a><\/p>\n<h4><a href=\"https:\/\/www.amherst.edu\/people\/facstaff\/mplishka\">Matthew Plishka<\/a><\/h4>\n<p><strong data-wp-editing=\"1\"><img loading=\"lazy\" class=\"alignleft wp-image-199\" src=\"https:\/\/as.vanderbilt.edu\/collaborative-humanities-postdoctoral-program\/wp-content\/uploads\/sites\/70\/2026\/02\/matthew-plishka-headshot-2.4.26-e1770219520124-250x300.jpg\" alt=\"Matthew Plishka Headshot\" width=\"175\" height=\"210\" srcset=\"https:\/\/as.vanderbilt.edu\/collaborative-humanities-postdoctoral-program\/wp-content\/uploads\/sites\/70\/2026\/02\/matthew-plishka-headshot-2.4.26-e1770219520124-250x300.jpg 250w, https:\/\/as.vanderbilt.edu\/collaborative-humanities-postdoctoral-program\/wp-content\/uploads\/sites\/70\/2026\/02\/matthew-plishka-headshot-2.4.26-e1770219520124.jpg 504w\" sizes=\"(max-width: 175px) 100vw, 175px\" \/>Environmental History\/Humanities, Visiting Assistant Professor of Environmental Studies at Amherst College<\/strong><\/p>\n<p><em>Fellow from 2022 to 2025<\/em><\/p>\n<p style=\"text-align: left;padding-left: 200px\">During my time at Vanderbilt, I developed my book project <em>Battling Banana Blight<\/em>, which is now under advance contract with the University of North Carolina Press&#8217; Flows, Exchanges, and Migrations series. The book tells the story of how ecological crisis, in the form of the banana-crop-killing fungus known as Panama Disease, reshaped agricultural modernization in late-Colonial Jamaica (1910-1960). As part of my work at Vanderbilt, I published several articles on the topic, which can be found in Agricultural History, Environment and History, and Arcadia. I also developed several courses including History of Environmental Law and Environmental Justice in Latin America and the Caribbean.<\/p>\n<p>&nbsp;<\/p>\n<p style=\"text-align: center\"><a href=\"mplishka@amherst.edu\">Email<\/a><\/p>\n<h4><a href=\"https:\/\/as.vanderbilt.edu\/clacx\/jesus-ruiz\/\">Jes\u00fas Ruiz<\/a><\/h4>\n<p><strong><img loading=\"lazy\" class=\"alignleft wp-image-198\" src=\"https:\/\/as.vanderbilt.edu\/collaborative-humanities-postdoctoral-program\/wp-content\/uploads\/sites\/70\/2026\/02\/jesus-ruiz-headshot-2.4.26.jpeg\" alt=\"Jes\u00fas Ruiz Headshot\" width=\"175\" height=\"245\" \/>Caribbean &amp; Latin American Studies &amp; History, Vanderbilt University<\/strong><\/p>\n<p><em>Fellow from 2022-2024<\/em><\/p>\n<p style=\"padding-left: 200px\">During my CHPP fellowship, I primarily focused on developing a book proposal that has since evolved into my first scholarly monograph, now under contract with Harvard University Press. The project\u2014<em>The Black Royalists: Haiti and A Politics of Freedom in the Atlantic World<\/em>\u2014examines how Afro-Catholic royalism shaped the revolutionary politics of Haiti&#8217;s revolutionaries. In addition, I designed new courses on Migration and Borders that allowed me to begin refining the questions guiding my second research project, a hybrid and interdisciplinary exploration of three generations of U.S. immigration enforcement history, informed by my experience as a former Asylum Officer for the federal government.<\/p>\n<p style=\"padding-left: 200px\">Since completing the fellowship, I\u2019ve been fortunate to continue expanding both my scholarly and community work. I was appointed Faculty Head of Moore College (2025) and Assistant Professor of the Practice in Caribbean Studies at Vanderbilt University\u2019s Center for Latin American, Caribbean, and Latinx Studies (2024), with an affiliation in the Program in Culture, Advocacy, and Leadership. My article, \u201c<a href=\"https:\/\/www.tandfonline.com\/doi\/full\/10.1080\/0144039X.2024.2419212\">Freedom, Faith &amp; Sovereignty: The 1796 Boca Nigua Revolt as an Afro-Catholic Royalist Rebellion<\/a>,\u201d was published in Slavery &amp; Abolition: A Journal of Slave and Post-Slave Studies (Vol. 46, No. 1). I also received several institutional grants, including the Provost\u2019s Faculty Grant for Voices of Belonging: Latinx Student Experiences at Vanderbilt and the Big Questions and Community Engagement Collaboration Funds for Caribbean Week: Bridging Cultures, Celebrating Diasporas, and Inspiring Connections. This provided funding for the inaugural Caribbean Week at Vanderbilt University, and for which I direct a newly approved <a href=\"https:\/\/as.vanderbilt.edu\/clacx\/majors-and-minors\/\">Caribbean Studies Minor<\/a> in the College of Arts &amp; Sciences. In 2024, I was honored with the Maestrx Award for Outstanding Faculty Support of Latinx Students.<\/p>\n<p>&nbsp;<\/p>\n<p style=\"text-align: center\"><a href=\"jesus.ruiz@vanderbilt.edu\">Email<\/a><\/p>\n<h4>Anna Tybinko<\/h4>\n<p><strong><img loading=\"lazy\" class=\"alignleft wp-image-197\" src=\"https:\/\/as.vanderbilt.edu\/collaborative-humanities-postdoctoral-program\/wp-content\/uploads\/sites\/70\/2026\/02\/ana-tybinko-headshot-2.4.26-e1770219296659-202x300.jpg\" alt=\"Ana Tybinko Headshot\" width=\"175\" height=\"260\" srcset=\"https:\/\/as.vanderbilt.edu\/collaborative-humanities-postdoctoral-program\/wp-content\/uploads\/sites\/70\/2026\/02\/ana-tybinko-headshot-2.4.26-e1770219296659-202x300.jpg 202w, https:\/\/as.vanderbilt.edu\/collaborative-humanities-postdoctoral-program\/wp-content\/uploads\/sites\/70\/2026\/02\/ana-tybinko-headshot-2.4.26-e1770219296659.jpg 538w\" sizes=\"(max-width: 175px) 100vw, 175px\" \/>Department of Spanish, Colby College<\/strong><\/p>\n<p><em>Fellow from 2022-2024<\/em><\/p>\n<p style=\"padding-left: 200px\">Prior to coming to Vanderbilt, Dr. Anna Tybinko was the John Hope Franklin Postdoctoral Research Associate in the Franklin Humanities Institute\u2019s From Slavery to Freedom Lab at Duke University, where she also received her doctorate in Romance Studies. She specialized in Migration and Border Studies in the Iberian world. Her research on questions of race, racialization, and \u201cbordering\u201d in Spanish cities was supported by the National Endowment for the Humanities, the Andrew W. Mellon Foundation, and the American Council for Learned Societies. She published in Studies in Twentieth and Twenty-First Century Literatures, contributed essays to the edited collections <a href=\"https:\/\/www.routledge.com\/Twenty-First-Century-Arab-and-African-Diasporas-in-Spain-Portugal-and-Latin-America\/Ricci\/p\/book\/9781032424293\">Twenty-First Century Arab and African Diasporas in Spain, Portugal and Latin America<\/a> (Routledge, 2022) and <a href=\"https:\/\/manchesteruniversitypress.co.uk\/9781526166166\/\">Migrants Shaping Europe, Past and Present: Multilingual Literatures, Arts, and Cultures<\/a> (Manchester University Press, 2022), was co-editor of <a href=\"https:\/\/www.jstor.org\/stable\/j.ctv33b9w67\">Migrant Frontiers: Race and Mobility in the Luso-Hispanic World<\/a> (Liverpool University Press, 2023), and was developing her monograph, Urban Borderlands: Contesting Racial Boundaries in Contemporary Spain. At Colby, she teaches courses on modern and contemporary cultures of Spain and Global Hispanophone countries.<\/p>\n<p>&nbsp;<\/p>\n<p style=\"text-align: center\"><a href=\"https:\/\/www.colby.edu\/people\/people-directory\/anna-tybinko\/\">Contact<\/a><\/p>\n","protected":false},"excerpt":{"rendered":"<p>Lee Ann Custer Department of Modern and Contemporary Art, National Gallery of Art Fellow from 2022-2025 During my fellowship, I completed my book manuscript, Urban Air Modernism: Beyond the Skyscraper Aesthetic in New York, 1880\u20131940. I published related material in two articles on the artist John Sloan and his engagements with race and urban space&#8230;<\/p>\n","protected":false},"author":110,"featured_media":0,"parent":0,"menu_order":0,"comment_status":"closed","ping_status":"closed","template":"page_onecolumn.php","meta":[],"tags":[],"acf":[],"_links":{"self":[{"href":"https:\/\/as.vanderbilt.edu\/collaborative-humanities-postdoctoral-program\/wp-json\/wp\/v2\/pages\/66"}],"collection":[{"href":"https:\/\/as.vanderbilt.edu\/collaborative-humanities-postdoctoral-program\/wp-json\/wp\/v2\/pages"}],"about":[{"href":"https:\/\/as.vanderbilt.edu\/collaborative-humanities-postdoctoral-program\/wp-json\/wp\/v2\/types\/page"}],"author":[{"embeddable":true,"href":"https:\/\/as.vanderbilt.edu\/collaborative-humanities-postdoctoral-program\/wp-json\/wp\/v2\/users\/110"}],"replies":[{"embeddable":true,"href":"https:\/\/as.vanderbilt.edu\/collaborative-humanities-postdoctoral-program\/wp-json\/wp\/v2\/comments?post=66"}],"version-history":[{"count":22,"href":"https:\/\/as.vanderbilt.edu\/collaborative-humanities-postdoctoral-program\/wp-json\/wp\/v2\/pages\/66\/revisions"}],"predecessor-version":[{"id":232,"href":"https:\/\/as.vanderbilt.edu\/collaborative-humanities-postdoctoral-program\/wp-json\/wp\/v2\/pages\/66\/revisions\/232"}],"wp:attachment":[{"href":"https:\/\/as.vanderbilt.edu\/collaborative-humanities-postdoctoral-program\/wp-json\/wp\/v2\/media?parent=66"}],"wp:term":[{"taxonomy":"post_tag","embeddable":true,"href":"https:\/\/as.vanderbilt.edu\/collaborative-humanities-postdoctoral-program\/wp-json\/wp\/v2\/tags?post=66"}],"curies":[{"name":"wp","href":"https:\/\/api.w.org\/{rel}","templated":true}]}}